{"id":2064,"date":"2019-12-05T11:06:00","date_gmt":"2019-12-05T10:06:00","guid":{"rendered":"http:\/\/decorare.dkonto.pl\/?post_type=product&#038;p=2064"},"modified":"2019-12-05T11:06:00","modified_gmt":"2019-12-05T10:06:00","slug":"sw-081-18","status":"publish","type":"product","link":"http:\/\/decorare.dkonto.pl\/en\/produkt\/sw-081-18\/","title":{"rendered":"SW-081-18"},"content":{"rendered":"<p>\u015aWIECZNIK MOSI\u0118\u017bNY CHROMOWANY Z KRYSZTA\u0141EM<\/p>\n","protected":false},"excerpt":{"rendered":"<p>\u015aWIECZNIK MOSI\u0118\u017bNY CHROMOWANY Z KRYSZTA\u0141EM, wyr\u00f3b wykonany z odlew\u00f3w mosi\u0119\u017cnych, polerowany i chromowany (nie wymaga konserwacji).<\/p>\n","protected":false},"featured_media":2065,"comment_status":"closed","ping_status":"closed","template":"","meta":[],"product_cat":[18],"product_tag":[],"_links":{"self":[{"href":"http:\/\/decorare.dkonto.pl\/en\/wp-json\/wp\/v2\/product\/2064"}],"collection":[{"href":"http:\/\/decorare.dkonto.pl\/en\/wp-json\/wp\/v2\/product"}],"about":[{"href":"http:\/\/decorare.dkonto.pl\/en\/wp-json\/wp\/v2\/types\/product"}],"replies":[{"embeddable":true,"href":"http:\/\/decorare.dkonto.pl\/en\/wp-json\/wp\/v2\/comments?post=2064"}],"wp:featuredmedia":[{"embeddable":true,"href":"http:\/\/decorare.dkonto.pl\/en\/wp-json\/wp\/v2\/media\/2065"}],"wp:attachment":[{"href":"http:\/\/decorare.dkonto.pl\/en\/wp-json\/wp\/v2\/media?parent=2064"}],"wp:term":[{"taxonomy":"product_cat","embeddable":true,"href":"http:\/\/decorare.dkonto.pl\/en\/wp-json\/wp\/v2\/product_cat?post=2064"},{"taxonomy":"product_tag","embeddable":true,"href":"http:\/\/decorare.dkonto.pl\/en\/wp-json\/wp\/v2\/product_tag?post=2064"}],"curies":[{"name":"wp","href":"https:\/\/api.w.org\/{rel}","templated":true}]}}