{"id":2149,"date":"2019-12-06T10:49:07","date_gmt":"2019-12-06T09:49:07","guid":{"rendered":"http:\/\/decorare.dkonto.pl\/?post_type=product&#038;p=2149"},"modified":"2019-12-06T10:49:07","modified_gmt":"2019-12-06T09:49:07","slug":"sw-161","status":"publish","type":"product","link":"http:\/\/decorare.dkonto.pl\/en\/produkt\/sw-161\/","title":{"rendered":"SW-161"},"content":{"rendered":"<p>WK\u0141AD OLEJOWY Z REGULOWANYM PALNIKIEM<\/p>\n","protected":false},"excerpt":{"rendered":"<p>Wk\u0142ad olejowy z regulowanym palnikiem. \u015arednica buteleczki 5 cm, pojemno\u015b\u0107 200 ml. Pe\u0142na buteleczka oleju parafinowego starcza na ok. 16-20 godz ci\u0105g\u0142ego \u015bwiecenia (zale\u017cy to od wielko\u015bci ustawionego p\u0142omienia). Talerzyk ma \u015brednic\u0119 5,7 cm. Na zam\u00f3wienie mo\u017cemy za\u0142o\u017cy\u0107 talerzyk o wi\u0119kszej \u015brednicy. W ofercie tak\u017ce palnik z buteleczk\u0105 o pojemno\u015bci 100 ml &#8211; SW-161M<\/p>\n","protected":false},"featured_media":2150,"comment_status":"closed","ping_status":"closed","template":"","meta":[],"product_cat":[43],"product_tag":[],"_links":{"self":[{"href":"http:\/\/decorare.dkonto.pl\/en\/wp-json\/wp\/v2\/product\/2149"}],"collection":[{"href":"http:\/\/decorare.dkonto.pl\/en\/wp-json\/wp\/v2\/product"}],"about":[{"href":"http:\/\/decorare.dkonto.pl\/en\/wp-json\/wp\/v2\/types\/product"}],"replies":[{"embeddable":true,"href":"http:\/\/decorare.dkonto.pl\/en\/wp-json\/wp\/v2\/comments?post=2149"}],"wp:featuredmedia":[{"embeddable":true,"href":"http:\/\/decorare.dkonto.pl\/en\/wp-json\/wp\/v2\/media\/2150"}],"wp:attachment":[{"href":"http:\/\/decorare.dkonto.pl\/en\/wp-json\/wp\/v2\/media?parent=2149"}],"wp:term":[{"taxonomy":"product_cat","embeddable":true,"href":"http:\/\/decorare.dkonto.pl\/en\/wp-json\/wp\/v2\/product_cat?post=2149"},{"taxonomy":"product_tag","embeddable":true,"href":"http:\/\/decorare.dkonto.pl\/en\/wp-json\/wp\/v2\/product_tag?post=2149"}],"curies":[{"name":"wp","href":"https:\/\/api.w.org\/{rel}","templated":true}]}}